{"id":57889,"date":"2022-08-11T12:45:21","date_gmt":"2022-08-11T10:45:21","guid":{"rendered":"https:\/\/shavingroom.se\/?post_type=product&#038;p=57889"},"modified":"2026-03-11T21:29:02","modified_gmt":"2026-03-11T19:29:02","slug":"wahl-combo-wahl-super-taper-cordless-beret","status":"publish","type":"product","link":"https:\/\/shavingroom.se\/en\/product\/wahl-combo-wahl-super-taper-cordless-beret\/","title":{"rendered":"Wahl Combo Wahl Super Taper Cordless &amp; Beret"},"content":{"rendered":"\n<p>Wahl Combo med Wahl Super Taper Cordless och Wahl Baret \u00e4r kanske den mest ultimata kombinationen inom trimmers f\u00f6r h\u00e5ret, sk\u00e4gget och \u00f6verallt annars. Erbjuder tv\u00e5 trimmers av absoluta toppklass om klarar av varenda uppgift du ger den inom rakning, trimmning och klippning. <\/p>\n\n<p>Med Wahl Super Taper Cordless f\u00e5r du en trimmer som klarar upp till 90 minuter rakning, trimmning elelr klippning p\u00e5 en laddning. Beh\u00f6ver du kan du givetvis anv\u00e4nda den med kabel ocks\u00e5. Fyra avst\u00e5ndskammar p\u00e5 1 &#8211; 3,5 mm g\u00f6r att du bara beh\u00f6ver raka dig en g\u00e5ng i veckan f\u00f6r att aldrig verka orakad. <\/p>\n\n<p>Med Wahl Beret kan du f\u00e5 de d\u00e4r perfekta kantlinjerna, putsa och snygga till h\u00e5ret eller sk\u00e4gget till yttersta perfektion. Smidig och l\u00e4tt, kommer \u00e5t \u00f6verallt och har upp till 75 minuters batteritid. Helt enkelt den perfekta avslutningen efter att du har anv\u00e4nt Wahl Super Taper Cordless<\/p>\n","protected":false},"excerpt":{"rendered":"<ul>\n<li>Bundle with Wahl Super taper cordless and Wahl Beret<\/li>\n<li>Comes in a stylish bag<\/li>\n<li>Can be used both with and without a cable<\/li>\n<\/ul>\n","protected":false},"featured_media":60149,"comment_status":"open","ping_status":"closed","template":"","meta":[],"product_brand":[1570],"product_cat":[1454,1455],"product_tag":[],"giftcard-category":[],"class_list":{"0":"post-57889","1":"product","2":"type-product","3":"status-publish","4":"has-post-thumbnail","6":"product_brand-wahl","7":"product_cat-hair-trimmer","8":"product_cat-beard-trimmer","10":"first","11":"discontinued","12":"taxable","13":"shipping-taxable","14":"purchasable","15":"product-type-simple"},"bundled_by":[],"bundle_stock_status":"discontinued","bundle_stock_quantity":null,"bundle_virtual":false,"bundle_layout":"","bundle_add_to_cart_form_location":"","bundle_editable_in_cart":false,"bundle_sold_individually_context":"","bundle_item_grouping":"","bundle_min_size":"","bundle_max_size":"","bundle_price":[],"bundled_items":[],"bundle_sell_ids":[],"supplier_id":36464,"supplier_sku":"08592-017H","barcode":"5996415035018","atum_controlled":true,"out_stock_date":"2024-02-11 15:38:17","out_stock_threshold":null,"inheritable":false,"inbound_stock":0,"stock_on_hold":0,"sold_today":0,"sales_last_days":0,"reserved_stock":0,"customer_returns":0,"warehouse_damage":0,"lost_in_post":0,"other_logs":0,"out_stock_days":787,"lost_sales":0,"has_location":false,"update_date":"2026-04-09T05:25:24","atum_locations":[],"atum_stock_status":"discontinued","restock_status":false,"low_stock_amount":"","sales_update_date":"2026-04-09T05:25:24","calc_backorders":null,"_links":{"self":[{"href":"https:\/\/shavingroom.se\/en\/wp-json\/wp\/v2\/product\/57889","targetHints":{"allow":["GET"]}}],"collection":[{"href":"https:\/\/shavingroom.se\/en\/wp-json\/wp\/v2\/product"}],"about":[{"href":"https:\/\/shavingroom.se\/en\/wp-json\/wp\/v2\/types\/product"}],"replies":[{"embeddable":true,"href":"https:\/\/shavingroom.se\/en\/wp-json\/wp\/v2\/comments?post=57889"}],"wp:featuredmedia":[{"embeddable":true,"href":"https:\/\/shavingroom.se\/en\/wp-json\/wp\/v2\/media\/60149"}],"wp:attachment":[{"href":"https:\/\/shavingroom.se\/en\/wp-json\/wp\/v2\/media?parent=57889"}],"wp:term":[{"taxonomy":"product_brand","embeddable":true,"href":"https:\/\/shavingroom.se\/en\/wp-json\/wp\/v2\/product_brand?post=57889"},{"taxonomy":"product_cat","embeddable":true,"href":"https:\/\/shavingroom.se\/en\/wp-json\/wp\/v2\/product_cat?post=57889"},{"taxonomy":"product_tag","embeddable":true,"href":"https:\/\/shavingroom.se\/en\/wp-json\/wp\/v2\/product_tag?post=57889"},{"taxonomy":"giftcard-category","embeddable":true,"href":"https:\/\/shavingroom.se\/en\/wp-json\/wp\/v2\/giftcard-category?post=57889"}],"curies":[{"name":"wp","href":"https:\/\/api.w.org\/{rel}","templated":true}]}}