{"id":57895,"date":"2021-02-11T13:01:21","date_gmt":"2021-02-11T11:01:21","guid":{"rendered":"https:\/\/shavingroom.se\/?post_type=product&#038;p=57895"},"modified":"2026-03-11T21:41:05","modified_gmt":"2026-03-11T19:41:05","slug":"dovo-shavette-leaf-holder-green-for-personna-leaves","status":"publish","type":"product","link":"https:\/\/shavingroom.se\/en\/product\/dovo-shavette-leaf-holder-green-for-personna-leaves\/","title":{"rendered":"Dovo Shavette Leaf Holder Green &#8211; For Personna Leaves"},"content":{"rendered":"\n<p>Dovo shavette bladh\u00e5llare i svart plast som passar f\u00f6r l\u00e5nga blad. F\u00f6r dig som vill anv\u00e4nda ett l\u00e5ngt blad till din shavette. Bladet placeras i bladh\u00e5llaren som viks ihop. Sedan f\u00f6rs bladh\u00e5llaren in i shavetten. <\/p>\n","protected":false},"excerpt":{"rendered":"<ul>\n<li>Blade holders for long blades<\/li>\n<li>Black plastic<\/li>\n<li>Suitable for long blades<\/li>\n<\/ul>\n","protected":false},"featured_media":58730,"comment_status":"open","ping_status":"closed","template":"","meta":[],"product_brand":[1537],"product_cat":[1411],"product_tag":[],"giftcard-category":[],"class_list":{"0":"post-57895","1":"product","2":"type-product","3":"status-publish","4":"has-post-thumbnail","6":"product_brand-dovo","7":"product_cat-shaves","9":"first","10":"discontinued","11":"taxable","12":"shipping-taxable","13":"purchasable","14":"product-type-simple"},"bundled_by":[],"bundle_stock_status":"discontinued","bundle_stock_quantity":null,"bundle_virtual":false,"bundle_layout":"","bundle_add_to_cart_form_location":"","bundle_editable_in_cart":false,"bundle_sold_individually_context":"","bundle_item_grouping":"","bundle_min_size":"","bundle_max_size":"","bundle_price":[],"bundled_items":[],"bundle_sell_ids":[57901],"supplier_id":36463,"supplier_sku":"31550451","barcode":"4045284009321","atum_controlled":true,"out_stock_date":"2024-07-23 22:13:43","out_stock_threshold":null,"inheritable":false,"inbound_stock":0,"stock_on_hold":0,"sold_today":0,"sales_last_days":0,"reserved_stock":0,"customer_returns":0,"warehouse_damage":0,"lost_in_post":0,"other_logs":0,"out_stock_days":625,"lost_sales":0,"has_location":false,"update_date":"2026-04-10T05:26:57","atum_locations":[],"atum_stock_status":"discontinued","restock_status":false,"low_stock_amount":"","sales_update_date":"2026-04-10T05:26:57","calc_backorders":null,"_links":{"self":[{"href":"https:\/\/shavingroom.se\/en\/wp-json\/wp\/v2\/product\/57895","targetHints":{"allow":["GET"]}}],"collection":[{"href":"https:\/\/shavingroom.se\/en\/wp-json\/wp\/v2\/product"}],"about":[{"href":"https:\/\/shavingroom.se\/en\/wp-json\/wp\/v2\/types\/product"}],"replies":[{"embeddable":true,"href":"https:\/\/shavingroom.se\/en\/wp-json\/wp\/v2\/comments?post=57895"}],"wp:featuredmedia":[{"embeddable":true,"href":"https:\/\/shavingroom.se\/en\/wp-json\/wp\/v2\/media\/58730"}],"wp:attachment":[{"href":"https:\/\/shavingroom.se\/en\/wp-json\/wp\/v2\/media?parent=57895"}],"wp:term":[{"taxonomy":"product_brand","embeddable":true,"href":"https:\/\/shavingroom.se\/en\/wp-json\/wp\/v2\/product_brand?post=57895"},{"taxonomy":"product_cat","embeddable":true,"href":"https:\/\/shavingroom.se\/en\/wp-json\/wp\/v2\/product_cat?post=57895"},{"taxonomy":"product_tag","embeddable":true,"href":"https:\/\/shavingroom.se\/en\/wp-json\/wp\/v2\/product_tag?post=57895"},{"taxonomy":"giftcard-category","embeddable":true,"href":"https:\/\/shavingroom.se\/en\/wp-json\/wp\/v2\/giftcard-category?post=57895"}],"curies":[{"name":"wp","href":"https:\/\/api.w.org\/{rel}","templated":true}]}}