{"id":57896,"date":"2022-07-07T21:43:59","date_gmt":"2022-07-07T19:43:59","guid":{"rendered":"https:\/\/shavingroom.se\/?post_type=product&#038;p=57896"},"modified":"2026-03-11T21:29:02","modified_gmt":"2026-03-11T19:29:02","slug":"westman-shaving-ribalta-after-shave-lotion","status":"publish","type":"product","link":"https:\/\/shavingroom.se\/en\/product\/westman-shaving-ribalta-after-shave-lotion\/","title":{"rendered":"WestMan Shaving Ribalta after shave lotion"},"content":{"rendered":"\n<p>Det b\u00f6rjar klassiskt och enkelt med friska citrustoner tillsammans med lite lime. H\u00e4r finns ocks\u00e5 bergamot, neroli och viol. D\u00e4refter kommer de kryddiga tonerna fr\u00e5n kardemumma, peppar och franincense medan du rakar dig. Avsluta med b\u00e4rnsten och sandeltr\u00e4. Alltsammans blir en klassisk tidl\u00f6s after shave lotion men som \u00e4nd\u00e5 p\u00e5 samma g\u00e5ng \u00e4r nyskapande. <\/p>\n\n<p>Doften p\u00e5minner om Maison Francis Kurkdjian &#8211; Baccarat Rouge 540<\/p>\n","protected":false},"excerpt":{"rendered":"<ul>\n<li>After shave lotion with fruity and spicy scents<\/li>\n<li>Aroma of citrus, lime, cardamom and pepper.<\/li>\n<li>Available with matching shaving soap<\/li>\n<\/ul>\n","protected":false},"featured_media":59374,"comment_status":"open","ping_status":"closed","template":"","meta":[],"product_brand":[1588],"product_cat":[1352],"product_tag":[1354],"giftcard-category":[],"class_list":{"0":"post-57896","1":"product","2":"type-product","3":"status-publish","4":"has-post-thumbnail","6":"product_brand-westman-shaving","7":"product_cat-after-shave-lotion","8":"product_tag-200-300","10":"first","11":"discontinued","12":"sale","13":"taxable","14":"shipping-taxable","15":"purchasable","16":"product-type-simple"},"bundled_by":[],"bundle_stock_status":"discontinued","bundle_stock_quantity":null,"bundle_virtual":false,"bundle_layout":"","bundle_add_to_cart_form_location":"","bundle_editable_in_cart":false,"bundle_sold_individually_context":"","bundle_item_grouping":"","bundle_min_size":"","bundle_max_size":"","bundle_price":[],"bundled_items":[],"bundle_sell_ids":[57906],"supplier_id":39154,"supplier_sku":"ARIBAL002","barcode":"","atum_controlled":true,"out_stock_date":"2025-09-11 15:17:08","out_stock_threshold":null,"inheritable":false,"inbound_stock":0,"stock_on_hold":0,"sold_today":0,"sales_last_days":0,"reserved_stock":0,"customer_returns":0,"warehouse_damage":0,"lost_in_post":0,"other_logs":0,"out_stock_days":209,"lost_sales":0,"has_location":false,"update_date":"2026-04-09T05:25:25","atum_locations":[],"atum_stock_status":"discontinued","restock_status":false,"low_stock_amount":"","sales_update_date":"2026-04-09T05:25:25","calc_backorders":null,"_links":{"self":[{"href":"https:\/\/shavingroom.se\/en\/wp-json\/wp\/v2\/product\/57896","targetHints":{"allow":["GET"]}}],"collection":[{"href":"https:\/\/shavingroom.se\/en\/wp-json\/wp\/v2\/product"}],"about":[{"href":"https:\/\/shavingroom.se\/en\/wp-json\/wp\/v2\/types\/product"}],"replies":[{"embeddable":true,"href":"https:\/\/shavingroom.se\/en\/wp-json\/wp\/v2\/comments?post=57896"}],"wp:featuredmedia":[{"embeddable":true,"href":"https:\/\/shavingroom.se\/en\/wp-json\/wp\/v2\/media\/59374"}],"wp:attachment":[{"href":"https:\/\/shavingroom.se\/en\/wp-json\/wp\/v2\/media?parent=57896"}],"wp:term":[{"taxonomy":"product_brand","embeddable":true,"href":"https:\/\/shavingroom.se\/en\/wp-json\/wp\/v2\/product_brand?post=57896"},{"taxonomy":"product_cat","embeddable":true,"href":"https:\/\/shavingroom.se\/en\/wp-json\/wp\/v2\/product_cat?post=57896"},{"taxonomy":"product_tag","embeddable":true,"href":"https:\/\/shavingroom.se\/en\/wp-json\/wp\/v2\/product_tag?post=57896"},{"taxonomy":"giftcard-category","embeddable":true,"href":"https:\/\/shavingroom.se\/en\/wp-json\/wp\/v2\/giftcard-category?post=57896"}],"curies":[{"name":"wp","href":"https:\/\/api.w.org\/{rel}","templated":true}]}}