{"id":57897,"date":"2022-07-06T14:53:37","date_gmt":"2022-07-06T12:53:37","guid":{"rendered":"https:\/\/shavingroom.se\/?post_type=product&#038;p=57897"},"modified":"2026-03-11T21:29:03","modified_gmt":"2026-03-11T19:29:03","slug":"westman-shaving-geres-after-shave-lotion","status":"publish","type":"product","link":"https:\/\/shavingroom.se\/en\/product\/westman-shaving-geres-after-shave-lotion\/","title":{"rendered":"WestMan Shaving Ger\u00eas after shave lotion"},"content":{"rendered":"\n<p>Som att dyka ner med huvudet och ansiktet f\u00f6re i mjuk h\u00e4rlig ekmossa. I en underbar blandskog d\u00e4r ek, gran, tall, en och bj\u00f6rk f\u00e5r plats. D\u00e4r skogen och bergen blandas med vattenfall och sj\u00f6ar. Det \u00e4r vad  WestMan Shaving Ger\u00eas after shave lotion vill hylla. De vill inte helt och h\u00e5llet \u00e5terskapa den men hylla den doften, den k\u00e4nslan. En k\u00e4nsla du kommer vilja ha varje g\u00e5ng du rakar dig.<\/p>\n\n<p>Doften p\u00e5minner om Guerlain &#8211; Vetiver<\/p>\n","protected":false},"excerpt":{"rendered":"<ul>\n<li>Lovely after shave with the scent of forest<\/li>\n<li>Scent of oakmoss, spruce, pine, birch and more<\/li>\n<li>Available with matching shaving soap<\/li>\n<\/ul>\n","protected":false},"featured_media":59380,"comment_status":"open","ping_status":"closed","template":"","meta":[],"product_brand":[1588],"product_cat":[1352],"product_tag":[1354],"giftcard-category":[],"class_list":{"0":"post-57897","1":"product","2":"type-product","3":"status-publish","4":"has-post-thumbnail","6":"product_brand-westman-shaving","7":"product_cat-after-shave-lotion","8":"product_tag-200-300","10":"first","11":"discontinued","12":"sale","13":"taxable","14":"shipping-taxable","15":"purchasable","16":"product-type-simple"},"bundled_by":[],"bundle_stock_status":"discontinued","bundle_stock_quantity":null,"bundle_virtual":false,"bundle_layout":"","bundle_add_to_cart_form_location":"","bundle_editable_in_cart":false,"bundle_sold_individually_context":"","bundle_item_grouping":"","bundle_min_size":"","bundle_max_size":"","bundle_price":[],"bundled_items":[],"bundle_sell_ids":[57908],"supplier_id":39154,"supplier_sku":"AGERES002","barcode":"","atum_controlled":true,"out_stock_date":"2025-09-08 17:17:33","out_stock_threshold":null,"inheritable":false,"inbound_stock":0,"stock_on_hold":0,"sold_today":0,"sales_last_days":0,"reserved_stock":0,"customer_returns":0,"warehouse_damage":0,"lost_in_post":0,"other_logs":0,"out_stock_days":215,"lost_sales":0,"has_location":false,"update_date":"2026-04-12T05:26:57","atum_locations":[],"atum_stock_status":"discontinued","restock_status":false,"low_stock_amount":"","sales_update_date":"2026-04-12T05:26:57","calc_backorders":null,"_links":{"self":[{"href":"https:\/\/shavingroom.se\/en\/wp-json\/wp\/v2\/product\/57897","targetHints":{"allow":["GET"]}}],"collection":[{"href":"https:\/\/shavingroom.se\/en\/wp-json\/wp\/v2\/product"}],"about":[{"href":"https:\/\/shavingroom.se\/en\/wp-json\/wp\/v2\/types\/product"}],"replies":[{"embeddable":true,"href":"https:\/\/shavingroom.se\/en\/wp-json\/wp\/v2\/comments?post=57897"}],"wp:featuredmedia":[{"embeddable":true,"href":"https:\/\/shavingroom.se\/en\/wp-json\/wp\/v2\/media\/59380"}],"wp:attachment":[{"href":"https:\/\/shavingroom.se\/en\/wp-json\/wp\/v2\/media?parent=57897"}],"wp:term":[{"taxonomy":"product_brand","embeddable":true,"href":"https:\/\/shavingroom.se\/en\/wp-json\/wp\/v2\/product_brand?post=57897"},{"taxonomy":"product_cat","embeddable":true,"href":"https:\/\/shavingroom.se\/en\/wp-json\/wp\/v2\/product_cat?post=57897"},{"taxonomy":"product_tag","embeddable":true,"href":"https:\/\/shavingroom.se\/en\/wp-json\/wp\/v2\/product_tag?post=57897"},{"taxonomy":"giftcard-category","embeddable":true,"href":"https:\/\/shavingroom.se\/en\/wp-json\/wp\/v2\/giftcard-category?post=57897"}],"curies":[{"name":"wp","href":"https:\/\/api.w.org\/{rel}","templated":true}]}}